{"id":2,"date":"2025-06-07T12:22:35","date_gmt":"2025-06-07T10:22:35","guid":{"rendered":"http:\/\/www.chanvrel.com\/?page_id=2"},"modified":"2025-12-30T10:25:56","modified_gmt":"2025-12-30T09:25:56","slug":"page-d-exemple","status":"publish","type":"page","link":"https:\/\/www.chanvrel.com\/","title":{"rendered":"Accueil"},"content":{"rendered":"\t\t<div data-elementor-type=\"wp-page\" data-elementor-id=\"2\" class=\"elementor elementor-2\">\n\t\t\t\t<div class=\"elementor-element elementor-element-d14d0b4 e-con-full e-flex e-con e-parent\" data-id=\"d14d0b4\" data-element_type=\"container\" data-e-type=\"container\">\n\t\t\t\t<div class=\"elementor-element elementor-element-6242579 elementor-widget elementor-widget-image\" data-id=\"6242579\" data-element_type=\"widget\" data-e-type=\"widget\" data-widget_type=\"image.default\">\n\t\t\t\t\t\t\t\t\t\t\t\t\t\t\t<img fetchpriority=\"high\" decoding=\"async\" width=\"293\" height=\"300\" src=\"https:\/\/www.chanvrel.com\/wp-content\/uploads\/2025\/11\/Photo-sac-seven-graphique-293x300.jpg\" class=\"attachment-medium size-medium wp-image-97\" alt=\"sacs chanvrel\" srcset=\"https:\/\/www.chanvrel.com\/wp-content\/uploads\/2025\/11\/Photo-sac-seven-graphique-293x300.jpg 293w, https:\/\/www.chanvrel.com\/wp-content\/uploads\/2025\/11\/Photo-sac-seven-graphique-999x1024.jpg 999w, https:\/\/www.chanvrel.com\/wp-content\/uploads\/2025\/11\/Photo-sac-seven-graphique-768x787.jpg 768w, https:\/\/www.chanvrel.com\/wp-content\/uploads\/2025\/11\/Photo-sac-seven-graphique-416x426.jpg 416w, https:\/\/www.chanvrel.com\/wp-content\/uploads\/2025\/11\/Photo-sac-seven-graphique.jpg 1080w\" sizes=\"(max-width: 293px) 100vw, 293px\" \/>\t\t\t\t\t\t\t\t\t\t\t\t\t\t\t<\/div>\n\t\t\t\t<div class=\"elementor-element elementor-element-00806c4 elementor-widget elementor-widget-text-editor\" data-id=\"00806c4\" data-element_type=\"widget\" data-e-type=\"widget\" data-widget_type=\"text-editor.default\">\n\t\t\t\t\t\t\t\t\t<p>Le Chanvrel est un sac en chanvre et cuir de style chic boh\u00e8me con\u00e7u pour \u00eatre r\u00e9sistant et durable.<\/p>\t\t\t\t\t\t\t\t<\/div>\n\t\t\t\t<\/div>\n\t\t<div class=\"elementor-element elementor-element-28c24fc e-flex e-con-boxed e-con e-parent\" data-id=\"28c24fc\" data-element_type=\"container\" data-e-type=\"container\">\n\t\t\t\t\t<div class=\"e-con-inner\">\n\t\t<div class=\"elementor-element elementor-element-66ed8d4 e-con-full e-flex e-con e-child\" data-id=\"66ed8d4\" data-element_type=\"container\" data-e-type=\"container\">\n\t\t\t\t<div class=\"elementor-element elementor-element-9ae1242 elementor-widget elementor-widget-text-editor\" data-id=\"9ae1242\" data-element_type=\"widget\" data-e-type=\"widget\" data-widget_type=\"text-editor.default\">\n\t\t\t\t\t\t\t\t\t<p><strong>Artisanat &amp; naturel <\/strong><\/p><p>Chaque sac est unique car ils sont tous travaill\u00e9s \u00e0 la main \u00e0 un moment donn\u00e9 et num\u00e9rot\u00e9. Mais aussi, puisque nous utilisons du chanvre sans traitement chimique et des cuirs \u00e0 tannage v\u00e9g\u00e9tal ; sans m\u00e9tamorphose ! C\u2019est pourquoi, sur un m\u00eame tissu, ou une m\u00eame peau, il peut y avoir des diff\u00e9rences et des asym\u00e9tries, les rendant encore plus beaux et uniques.\u00a0\u00a0<\/p>\t\t\t\t\t\t\t\t<\/div>\n\t\t\t\t<\/div>\n\t\t<div class=\"elementor-element elementor-element-5e58a42 e-con-full e-flex e-con e-child\" data-id=\"5e58a42\" data-element_type=\"container\" data-e-type=\"container\">\n\t\t\t\t<div class=\"elementor-element elementor-element-934855a elementor-widget elementor-widget-text-editor\" data-id=\"934855a\" data-element_type=\"widget\" data-e-type=\"widget\" data-widget_type=\"text-editor.default\">\n\t\t\t\t\t\t\t\t\t<p><strong>Artisanat &amp; local<\/strong><\/p>\n<p>Tout est fait sur place. Nous travaillons toutes nos pi\u00e8ces une \u00e0 une. Du tissu&nbsp;en rouleaux et des peaux de cuirs&nbsp;enti\u00e8res ; nous r\u00e9alisons chaque&nbsp;t\u00e2ches manuellement. <br>Tra\u00e7age, d\u00e9coupage, fa\u00e7onnage,&nbsp;encollage, assemblage, piquage et <br>finissions. Le sac de A \u00e0 Z. <br>Votre sac Made In France est pr\u00eat ! <br>&nbsp;Travaillant parfois&nbsp;en petite s\u00e9rie ou sur commande&nbsp;sp\u00e9cifique, nous avons des d\u00e9lais de&nbsp;fabrication, selon le mod\u00e8le choisi qui peuvent varier&nbsp;puis une livraison en&nbsp;quatrante-huit heures (jours ouvr\u00e9s).<\/p>\t\t\t\t\t\t\t\t<\/div>\n\t\t\t\t<\/div>\n\t\t\t\t\t<\/div>\n\t\t\t\t<\/div>\n\t\t\t\t<\/div>\n\t\t","protected":false},"excerpt":{"rendered":"<p>Le Chanvrel est un sac en chanvre et cuir de style chic boh\u00e8me con\u00e7u pour \u00eatre r\u00e9sistant et durable. Artisanat &amp; naturel Chaque sac est unique car ils sont tous travaill\u00e9s \u00e0 la main \u00e0 un moment donn\u00e9 et num\u00e9rot\u00e9. Mais aussi, puisque nous utilisons du chanvre sans traitement chimique et des cuirs \u00e0 tannage [&hellip;]<\/p>\n","protected":false},"author":1,"featured_media":0,"parent":0,"menu_order":0,"comment_status":"closed","ping_status":"open","template":"","meta":{"footnotes":""},"class_list":["post-2","page","type-page","status-publish","hentry"],"yoast_head":"<!-- This site is optimized with the Yoast SEO plugin v27.3 - https:\/\/yoast.com\/product\/yoast-seo-wordpress\/ -->\n<title>Accueil - Chanvrel<\/title>\n<meta name=\"robots\" content=\"index, follow, max-snippet:-1, max-image-preview:large, max-video-preview:-1\" \/>\n<link rel=\"canonical\" href=\"https:\/\/www.chanvrel.com\/\" \/>\n<meta property=\"og:locale\" content=\"fr_FR\" \/>\n<meta property=\"og:type\" content=\"article\" \/>\n<meta property=\"og:title\" content=\"Accueil - Chanvrel\" \/>\n<meta property=\"og:description\" content=\"Le Chanvrel est un sac en chanvre et cuir de style chic boh\u00e8me con\u00e7u pour \u00eatre r\u00e9sistant et durable. Artisanat &amp; naturel Chaque sac est unique car ils sont tous travaill\u00e9s \u00e0 la main \u00e0 un moment donn\u00e9 et num\u00e9rot\u00e9. Mais aussi, puisque nous utilisons du chanvre sans traitement chimique et des cuirs \u00e0 tannage [&hellip;]\" \/>\n<meta property=\"og:url\" content=\"https:\/\/www.chanvrel.com\/\" \/>\n<meta property=\"og:site_name\" content=\"Chanvrel\" \/>\n<meta property=\"article:modified_time\" content=\"2025-12-30T09:25:56+00:00\" \/>\n<meta property=\"og:image\" content=\"https:\/\/www.chanvrel.com\/wp-content\/uploads\/2025\/11\/Photo-sac-seven-graphique.jpg\" \/>\n\t<meta property=\"og:image:width\" content=\"1080\" \/>\n\t<meta property=\"og:image:height\" content=\"1107\" \/>\n\t<meta property=\"og:image:type\" content=\"image\/jpeg\" \/>\n<meta name=\"twitter:card\" content=\"summary_large_image\" \/>\n<meta name=\"twitter:label1\" content=\"Dur\u00e9e de lecture estim\u00e9e\" \/>\n\t<meta name=\"twitter:data1\" content=\"1 minute\" \/>\n<script type=\"application\/ld+json\" class=\"yoast-schema-graph\">{\"@context\":\"https:\\\/\\\/schema.org\",\"@graph\":[{\"@type\":\"WebPage\",\"@id\":\"https:\\\/\\\/www.chanvrel.com\\\/\",\"url\":\"https:\\\/\\\/www.chanvrel.com\\\/\",\"name\":\"Accueil - Chanvrel\",\"isPartOf\":{\"@id\":\"https:\\\/\\\/www.chanvrel.com\\\/#website\"},\"primaryImageOfPage\":{\"@id\":\"https:\\\/\\\/www.chanvrel.com\\\/#primaryimage\"},\"image\":{\"@id\":\"https:\\\/\\\/www.chanvrel.com\\\/#primaryimage\"},\"thumbnailUrl\":\"https:\\\/\\\/www.chanvrel.com\\\/wp-content\\\/uploads\\\/2025\\\/11\\\/Photo-sac-seven-graphique-293x300.jpg\",\"datePublished\":\"2025-06-07T10:22:35+00:00\",\"dateModified\":\"2025-12-30T09:25:56+00:00\",\"breadcrumb\":{\"@id\":\"https:\\\/\\\/www.chanvrel.com\\\/#breadcrumb\"},\"inLanguage\":\"fr-FR\",\"potentialAction\":[{\"@type\":\"ReadAction\",\"target\":[\"https:\\\/\\\/www.chanvrel.com\\\/\"]}]},{\"@type\":\"ImageObject\",\"inLanguage\":\"fr-FR\",\"@id\":\"https:\\\/\\\/www.chanvrel.com\\\/#primaryimage\",\"url\":\"https:\\\/\\\/www.chanvrel.com\\\/wp-content\\\/uploads\\\/2025\\\/11\\\/Photo-sac-seven-graphique.jpg\",\"contentUrl\":\"https:\\\/\\\/www.chanvrel.com\\\/wp-content\\\/uploads\\\/2025\\\/11\\\/Photo-sac-seven-graphique.jpg\",\"width\":1080,\"height\":1107,\"caption\":\"sacs chanvrel\"},{\"@type\":\"BreadcrumbList\",\"@id\":\"https:\\\/\\\/www.chanvrel.com\\\/#breadcrumb\",\"itemListElement\":[{\"@type\":\"ListItem\",\"position\":1,\"name\":\"Accueil\",\"item\":\"https:\\\/\\\/www.chanvrel.com\\\/\"},{\"@type\":\"ListItem\",\"position\":2,\"name\":\"Accueil\"}]},{\"@type\":\"WebSite\",\"@id\":\"https:\\\/\\\/www.chanvrel.com\\\/#website\",\"url\":\"https:\\\/\\\/www.chanvrel.com\\\/\",\"name\":\"Chanvrel\",\"description\":\"Chanvrel le chanvre et le cuir\",\"potentialAction\":[{\"@type\":\"SearchAction\",\"target\":{\"@type\":\"EntryPoint\",\"urlTemplate\":\"https:\\\/\\\/www.chanvrel.com\\\/?s={search_term_string}\"},\"query-input\":{\"@type\":\"PropertyValueSpecification\",\"valueRequired\":true,\"valueName\":\"search_term_string\"}}],\"inLanguage\":\"fr-FR\"}]}<\/script>\n<!-- \/ Yoast SEO plugin. -->","yoast_head_json":{"title":"Accueil - Chanvrel","robots":{"index":"index","follow":"follow","max-snippet":"max-snippet:-1","max-image-preview":"max-image-preview:large","max-video-preview":"max-video-preview:-1"},"canonical":"https:\/\/www.chanvrel.com\/","og_locale":"fr_FR","og_type":"article","og_title":"Accueil - Chanvrel","og_description":"Le Chanvrel est un sac en chanvre et cuir de style chic boh\u00e8me con\u00e7u pour \u00eatre r\u00e9sistant et durable. Artisanat &amp; naturel Chaque sac est unique car ils sont tous travaill\u00e9s \u00e0 la main \u00e0 un moment donn\u00e9 et num\u00e9rot\u00e9. Mais aussi, puisque nous utilisons du chanvre sans traitement chimique et des cuirs \u00e0 tannage [&hellip;]","og_url":"https:\/\/www.chanvrel.com\/","og_site_name":"Chanvrel","article_modified_time":"2025-12-30T09:25:56+00:00","og_image":[{"width":1080,"height":1107,"url":"https:\/\/www.chanvrel.com\/wp-content\/uploads\/2025\/11\/Photo-sac-seven-graphique.jpg","type":"image\/jpeg"}],"twitter_card":"summary_large_image","twitter_misc":{"Dur\u00e9e de lecture estim\u00e9e":"1 minute"},"schema":{"@context":"https:\/\/schema.org","@graph":[{"@type":"WebPage","@id":"https:\/\/www.chanvrel.com\/","url":"https:\/\/www.chanvrel.com\/","name":"Accueil - Chanvrel","isPartOf":{"@id":"https:\/\/www.chanvrel.com\/#website"},"primaryImageOfPage":{"@id":"https:\/\/www.chanvrel.com\/#primaryimage"},"image":{"@id":"https:\/\/www.chanvrel.com\/#primaryimage"},"thumbnailUrl":"https:\/\/www.chanvrel.com\/wp-content\/uploads\/2025\/11\/Photo-sac-seven-graphique-293x300.jpg","datePublished":"2025-06-07T10:22:35+00:00","dateModified":"2025-12-30T09:25:56+00:00","breadcrumb":{"@id":"https:\/\/www.chanvrel.com\/#breadcrumb"},"inLanguage":"fr-FR","potentialAction":[{"@type":"ReadAction","target":["https:\/\/www.chanvrel.com\/"]}]},{"@type":"ImageObject","inLanguage":"fr-FR","@id":"https:\/\/www.chanvrel.com\/#primaryimage","url":"https:\/\/www.chanvrel.com\/wp-content\/uploads\/2025\/11\/Photo-sac-seven-graphique.jpg","contentUrl":"https:\/\/www.chanvrel.com\/wp-content\/uploads\/2025\/11\/Photo-sac-seven-graphique.jpg","width":1080,"height":1107,"caption":"sacs chanvrel"},{"@type":"BreadcrumbList","@id":"https:\/\/www.chanvrel.com\/#breadcrumb","itemListElement":[{"@type":"ListItem","position":1,"name":"Accueil","item":"https:\/\/www.chanvrel.com\/"},{"@type":"ListItem","position":2,"name":"Accueil"}]},{"@type":"WebSite","@id":"https:\/\/www.chanvrel.com\/#website","url":"https:\/\/www.chanvrel.com\/","name":"Chanvrel","description":"Chanvrel le chanvre et le cuir","potentialAction":[{"@type":"SearchAction","target":{"@type":"EntryPoint","urlTemplate":"https:\/\/www.chanvrel.com\/?s={search_term_string}"},"query-input":{"@type":"PropertyValueSpecification","valueRequired":true,"valueName":"search_term_string"}}],"inLanguage":"fr-FR"}]}},"_links":{"self":[{"href":"https:\/\/www.chanvrel.com\/index.php\/wp-json\/wp\/v2\/pages\/2","targetHints":{"allow":["GET"]}}],"collection":[{"href":"https:\/\/www.chanvrel.com\/index.php\/wp-json\/wp\/v2\/pages"}],"about":[{"href":"https:\/\/www.chanvrel.com\/index.php\/wp-json\/wp\/v2\/types\/page"}],"author":[{"embeddable":true,"href":"https:\/\/www.chanvrel.com\/index.php\/wp-json\/wp\/v2\/users\/1"}],"replies":[{"embeddable":true,"href":"https:\/\/www.chanvrel.com\/index.php\/wp-json\/wp\/v2\/comments?post=2"}],"version-history":[{"count":21,"href":"https:\/\/www.chanvrel.com\/index.php\/wp-json\/wp\/v2\/pages\/2\/revisions"}],"predecessor-version":[{"id":263,"href":"https:\/\/www.chanvrel.com\/index.php\/wp-json\/wp\/v2\/pages\/2\/revisions\/263"}],"wp:attachment":[{"href":"https:\/\/www.chanvrel.com\/index.php\/wp-json\/wp\/v2\/media?parent=2"}],"curies":[{"name":"wp","href":"https:\/\/api.w.org\/{rel}","templated":true}]}}